{"id":13,"date":"2018-04-20T18:01:20","date_gmt":"2018-04-20T18:01:20","guid":{"rendered":"http:\/\/arquiteturapositiva.arq.br\/biossistemas\/?page_id=13"},"modified":"2018-05-02T17:48:40","modified_gmt":"2018-05-02T17:48:40","slug":"arquitetura-positiva","status":"publish","type":"page","link":"https:\/\/arquiteturapositiva.arq.br\/biossistemas\/arquitetura-positiva\/","title":{"rendered":"Sobre N\u00f3s"},"content":{"rendered":"<p>A <a href=\"http:\/\/arquiteturapositiva.arq.br\"><strong>ARQUITETURA POSITIVA<\/strong><\/a>, antes de ser uma empresa \u00e9 um conceito baseado na Economia Circular e na Eco-efetividade.<br \/>\nSeu idealizador, o <a href=\"mailto:jorge@arquiteturapositiva.eco.br\">Arquiteto Jorge Fernado Gaiofato Pires<\/a>, criou um modelo de neg\u00f3cio onde \u00e9 poss\u00edvel agregar em apenas um n\u00facleo t\u00e9cnico-administrativo as diversas c\u00e9lulas independentes na sua ess\u00eancia, por\u00e9m unificadas em torno de um ideal ou de um determinado projeto.<\/p>\n<p>Assim j\u00e1 nasce positiva pois consegue expressar, com baixo investimento, diversas capacidades e especialidades que atendem um grande leque de projetos.<br \/>\nContando com s\u00f3lido conhecimento em administra\u00e7\u00e3o de projetos e de constru\u00e7\u00e3o civil, temos condi\u00e7\u00e3o de gerenciar e compatibilizar as diversas fases do projeto, da execu\u00e7\u00e3o de obras civis e complementares .<\/p>\n<p>Todos os <a href=\"https:\/\/arquiteturapositiva.arq.br\/biossistemas\/saiba-mais\/parcerias\/\">parceiros s\u00e3o empresas e profissionais de not\u00f3rio conhecimento em suas especialidades<\/a> e com grande credibilidade no mercado. Assim o cliente tem acesso centralizado a um gama de servi\u00e7os de forma centralizada e totalmente segura.<\/p>\n<hr \/>\n<p><iframe loading=\"lazy\" style=\"border: 0;\" src=\"https:\/\/www.google.com\/maps\/embed?pb=!1m18!1m12!1m3!1d3689.5052190310244!2d-43.13145366760027!3d-22.372303785286206!2m3!1f0!2f0!3f0!3m2!1i1024!2i768!4f13.1!3m3!1m2!1s0x99ab2d9a740f2b%3A0x4760fa02de296fa6!2sEstr.+Uni%C3%A3o+e+Ind%C3%BAstria%2C+13786+-+Itaipava%2C+Petr%C3%B3polis+-+RJ%2C+25740-365!5e0!3m2!1spt-BR!2sbr!4v1524585453955\" width=\"800\" height=\"400\" frameborder=\"0\" allowfullscreen=\"allowfullscreen\"><\/iframe><\/p>\n","protected":false},"excerpt":{"rendered":"<p>A ARQUITETURA POSITIVA, antes de ser uma empresa \u00e9 um conceito baseado na Economia Circular e na Eco-efetividade. Seu idealizador, o Arquiteto Jorge Fernado Gaiofato Pires, criou um modelo de neg\u00f3cio onde \u00e9 poss\u00edvel agregar em apenas um n\u00facleo t\u00e9cnico-administrativo&hellip;&nbsp;<a href=\"https:\/\/arquiteturapositiva.arq.br\/biossistemas\/arquitetura-positiva\/\" class=\"more-link\">Saiba Mais<\/a><\/p>\n","protected":false},"author":1,"featured_media":0,"parent":0,"menu_order":8,"comment_status":"closed","ping_status":"closed","template":"","meta":{"footnotes":"","_links_to":"","_links_to_target":""},"class_list":["post-13","page","type-page","status-publish","hentry"],"_links":{"self":[{"href":"https:\/\/arquiteturapositiva.arq.br\/biossistemas\/wp-json\/wp\/v2\/pages\/13","targetHints":{"allow":["GET"]}}],"collection":[{"href":"https:\/\/arquiteturapositiva.arq.br\/biossistemas\/wp-json\/wp\/v2\/pages"}],"about":[{"href":"https:\/\/arquiteturapositiva.arq.br\/biossistemas\/wp-json\/wp\/v2\/types\/page"}],"author":[{"embeddable":true,"href":"https:\/\/arquiteturapositiva.arq.br\/biossistemas\/wp-json\/wp\/v2\/users\/1"}],"replies":[{"embeddable":true,"href":"https:\/\/arquiteturapositiva.arq.br\/biossistemas\/wp-json\/wp\/v2\/comments?post=13"}],"version-history":[{"count":9,"href":"https:\/\/arquiteturapositiva.arq.br\/biossistemas\/wp-json\/wp\/v2\/pages\/13\/revisions"}],"predecessor-version":[{"id":659,"href":"https:\/\/arquiteturapositiva.arq.br\/biossistemas\/wp-json\/wp\/v2\/pages\/13\/revisions\/659"}],"wp:attachment":[{"href":"https:\/\/arquiteturapositiva.arq.br\/biossistemas\/wp-json\/wp\/v2\/media?parent=13"}],"curies":[{"name":"wp","href":"https:\/\/api.w.org\/{rel}","templated":true}]}}