{"id":57,"date":"2018-04-23T12:27:47","date_gmt":"2018-04-23T12:27:47","guid":{"rendered":"http:\/\/arquiteturapositiva.arq.br\/biossistemas\/?page_id=57"},"modified":"2018-07-12T15:30:39","modified_gmt":"2018-07-12T15:30:39","slug":"piscinas-biologicas","status":"publish","type":"page","link":"https:\/\/arquiteturapositiva.arq.br\/biossistemas\/o-que-fazemos\/piscinas-biologicas\/","title":{"rendered":"Piscinas Biol\u00f3gicas"},"content":{"rendered":"<p>Atuando com projeto, execu\u00e7\u00e3o e manuten\u00e7\u00e3o de <strong>Piscinas Biol\u00f3gicas<\/strong> e <strong>Piscinas Ecol\u00f3gicas<\/strong>, proporcionamos aos nossos clientes produtos de qualidade e garantia de \u00e1gua cristalina, reproduzindo o espet\u00e1culo da natureza em seu dia a dia, sem adi\u00e7\u00e3o de cloro ou quaisquer produtos t\u00f3xicos.<br \/>\nCom o uso de tecnologia de ponta, criamos piscinas naturais que devolvem o bem-estar e a riqueza da natureza, valorizando seu ambiente!<\/p>\n<p>Clique para ampliar e ver detalhes de piscinas biol\u00f3gicas projetadas e executadas pela <strong>ARQUITETURA POSITIVA:<\/strong><\/p>\n<div id=\"su_carousel_69ddea3ace29e\" class=\"su-carousel su-carousel-centered su-carousel-pages-no su-carousel-responsive-yes su-lightbox-gallery\" style=\"width:100%\" data-autoplay=\"3000\" data-speed=\"600\" data-mousewheel=\"true\" data-items=\"3\" data-scroll=\"1\"><div class=\"su-carousel-slides\"><div class=\"su-carousel-slide\"><a href=\"https:\/\/arquiteturapositiva.arq.br\/biossistemas\/wp-content\/uploads\/2018\/04\/000.png\" title=\"\" data-rel=\"lightbox-image-0\" data-rl_title=\"\" data-rl_caption=\"\"><img decoding=\"async\" src=\"https:\/\/arquiteturapositiva.arq.br\/biossistemas\/wp-content\/uploads\/2018\/04\/000-182x200.png\" alt=\"Piscina e sauna\" \/><\/a><\/div><div class=\"su-carousel-slide\"><a href=\"https:\/\/arquiteturapositiva.arq.br\/biossistemas\/wp-content\/uploads\/2018\/04\/006.jpg\" title=\"\" data-rel=\"lightbox-image-1\" data-rl_title=\"\" data-rl_caption=\"\"><img decoding=\"async\" src=\"https:\/\/arquiteturapositiva.arq.br\/biossistemas\/wp-content\/uploads\/2018\/04\/006-182x200.jpg\" alt=\"Piscina biol\u00f3gica Alto da Boa Vista\" \/><\/a><\/div><div class=\"su-carousel-slide\"><a href=\"https:\/\/arquiteturapositiva.arq.br\/biossistemas\/wp-content\/uploads\/2018\/04\/010-2.jpg\" title=\"\" data-rel=\"lightbox-image-2\" data-rl_title=\"\" data-rl_caption=\"\"><img decoding=\"async\" src=\"https:\/\/arquiteturapositiva.arq.br\/biossistemas\/wp-content\/uploads\/2018\/04\/010-2-182x200.jpg\" alt=\"Piscina Alto da Boa Vista\" \/><\/a><\/div><div class=\"su-carousel-slide\"><a href=\"https:\/\/arquiteturapositiva.arq.br\/biossistemas\/wp-content\/uploads\/2018\/04\/012-2.jpg\" title=\"\" data-rel=\"lightbox-image-3\" data-rl_title=\"\" data-rl_caption=\"\"><img decoding=\"async\" src=\"https:\/\/arquiteturapositiva.arq.br\/biossistemas\/wp-content\/uploads\/2018\/04\/012-2-182x200.jpg\" alt=\"Piscina Alto da Boa Vista\" \/><\/a><\/div><div class=\"su-carousel-slide\"><a href=\"https:\/\/arquiteturapositiva.arq.br\/biossistemas\/wp-content\/uploads\/2018\/04\/011.jpg\" title=\"\" data-rel=\"lightbox-image-4\" data-rl_title=\"\" data-rl_caption=\"\"><img decoding=\"async\" src=\"https:\/\/arquiteturapositiva.arq.br\/biossistemas\/wp-content\/uploads\/2018\/04\/011-182x200.jpg\" alt=\"Piscina Nova Igua\u00e7\u00fa\" \/><\/a><\/div><div class=\"su-carousel-slide\"><a href=\"https:\/\/arquiteturapositiva.arq.br\/biossistemas\/wp-content\/uploads\/2018\/04\/009.jpg\" title=\"\" data-rel=\"lightbox-image-5\" data-rl_title=\"\" data-rl_caption=\"\"><img decoding=\"async\" src=\"https:\/\/arquiteturapositiva.arq.br\/biossistemas\/wp-content\/uploads\/2018\/04\/009-182x200.jpg\" alt=\"Piscina Secret\u00e1rio\" \/><\/a><\/div><div class=\"su-carousel-slide\"><a href=\"https:\/\/arquiteturapositiva.arq.br\/biossistemas\/wp-content\/uploads\/2018\/04\/013.jpg\" title=\"\" data-rel=\"lightbox-image-6\" data-rl_title=\"\" data-rl_caption=\"\"><img decoding=\"async\" src=\"https:\/\/arquiteturapositiva.arq.br\/biossistemas\/wp-content\/uploads\/2018\/04\/013-182x200.jpg\" alt=\"Piscina Secret\u00e1rio\" \/><\/a><\/div><div class=\"su-carousel-slide\"><a href=\"https:\/\/arquiteturapositiva.arq.br\/biossistemas\/wp-content\/uploads\/2018\/04\/001.jpg\" title=\"\" data-rel=\"lightbox-image-7\" data-rl_title=\"\" data-rl_caption=\"\"><img decoding=\"async\" src=\"https:\/\/arquiteturapositiva.arq.br\/biossistemas\/wp-content\/uploads\/2018\/04\/001-182x200.jpg\" alt=\"Piscina Secret\u00e1rio\" \/><\/a><\/div><div class=\"su-carousel-slide\"><a href=\"https:\/\/arquiteturapositiva.arq.br\/biossistemas\/wp-content\/uploads\/2018\/04\/004-2.jpg\" title=\"\" data-rel=\"lightbox-image-8\" data-rl_title=\"\" data-rl_caption=\"\"><img decoding=\"async\" src=\"https:\/\/arquiteturapositiva.arq.br\/biossistemas\/wp-content\/uploads\/2018\/04\/004-2-182x200.jpg\" alt=\"Piscina Secret\u00e1rio\" \/><\/a><\/div><div class=\"su-carousel-slide\"><a href=\"https:\/\/arquiteturapositiva.arq.br\/biossistemas\/wp-content\/uploads\/2018\/04\/003-2.jpg\" title=\"\" data-rel=\"lightbox-image-9\" data-rl_title=\"\" data-rl_caption=\"\"><img decoding=\"async\" src=\"https:\/\/arquiteturapositiva.arq.br\/biossistemas\/wp-content\/uploads\/2018\/04\/003-2-182x200.jpg\" alt=\"Piscina Nova Igua\u00e7\u00fa\" \/><\/a><\/div><div class=\"su-carousel-slide\"><a href=\"https:\/\/arquiteturapositiva.arq.br\/biossistemas\/wp-content\/uploads\/2018\/04\/007.jpg\" title=\"\" data-rel=\"lightbox-image-10\" data-rl_title=\"\" data-rl_caption=\"\"><img decoding=\"async\" src=\"https:\/\/arquiteturapositiva.arq.br\/biossistemas\/wp-content\/uploads\/2018\/04\/007-182x200.jpg\" alt=\"Piscina biol\u00f3gica Alto da Boa Vista\" \/><\/a><\/div><div class=\"su-carousel-slide\"><a href=\"https:\/\/arquiteturapositiva.arq.br\/biossistemas\/wp-content\/uploads\/2018\/04\/005.jpg\" title=\"\" data-rel=\"lightbox-image-11\" data-rl_title=\"\" data-rl_caption=\"\"><img decoding=\"async\" src=\"https:\/\/arquiteturapositiva.arq.br\/biossistemas\/wp-content\/uploads\/2018\/04\/005-182x200.jpg\" alt=\"Piscina Alto da Boa Vista\" \/><\/a><\/div><\/div><div class=\"su-carousel-nav\"><div class=\"su-carousel-direction\"><span class=\"su-carousel-prev\"><\/span><span class=\"su-carousel-next\"><\/span><\/div><div class=\"su-carousel-pagination\"><\/div><\/div><\/div>\n<hr>\n<div class=\"su-spoiler su-spoiler-style-fancy su-spoiler-icon-chevron-circle su-spoiler-closed\" data-scroll-offset=\"0\" data-anchor-in-url=\"no\"><div class=\"su-spoiler-title\" tabindex=\"0\" role=\"button\"><span class=\"su-spoiler-icon\"><\/span>Por que escolher piscinas biol\u00f3gicas?<\/div><div class=\"su-spoiler-content su-u-clearfix su-u-trim\">\n<p>As Piscinas Biol\u00f3gicas est\u00e3o cada vez mais recorrentes em projetos na Europa.<br \/>\nSobretudo, s\u00e3o uma boa alternativa por conjugar lazer e est\u00e9tica, transformando os ambientes pela inspira\u00e7\u00e3o  ambiental, reunindo beleza, modernidade e aproximando a natureza atrav\u00e9s de elementos como pedras, peixes e plantas, mesmo em meio urbano.<\/p>\n<\/div><\/div>\n<div class=\"su-spoiler su-spoiler-style-fancy su-spoiler-icon-chevron-circle su-spoiler-closed\" data-scroll-offset=\"0\" data-anchor-in-url=\"no\"><div class=\"su-spoiler-title\" tabindex=\"0\" role=\"button\"><span class=\"su-spoiler-icon\"><\/span>Mais Design e funcionalidade!<\/div><div class=\"su-spoiler-content su-u-clearfix su-u-trim\">\n<p>A diversidade de design \u00e9 ampla, podendo ser em modelos cl\u00e1ssicos, em formatos geom\u00e9tricos com presen\u00e7a de pedras naturais, ou ainda modelos org\u00e2nicos com bordas irregulares e revestimento de areia e pedras naturais, reproduzindo ambientes aqu\u00e1ticos naturais.<br \/>\nEm alguns projetos se assemelham a um aqu\u00e1rio de mergulho natural, proporcionando a experi\u00eancia indescrit\u00edvel e fant\u00e1stica de se nadar junto a peixes, al\u00e9m de assegurar o controle natural de mosquitos, tornando ainda mais belo o seu ambiente!<\/p>\n<\/div><\/div>\n<div class=\"su-spoiler su-spoiler-style-fancy su-spoiler-icon-chevron-circle su-spoiler-closed\" data-scroll-offset=\"0\" data-anchor-in-url=\"no\"><div class=\"su-spoiler-title\" tabindex=\"0\" role=\"button\"><span class=\"su-spoiler-icon\"><\/span>Qualidade da \u00c1gua!<\/div><div class=\"su-spoiler-content su-u-clearfix su-u-trim\">\n<p>A qualidade da \u00e1gua \u00e9 sem d\u00favida outro aspecto importante considerado por aqueles que optam pelas piscinas biol\u00f3gicas, uma vez que o sistema de filtragem e tratamento n\u00e3o utiliza produtos qu\u00edmicos a limpeza e purifica\u00e7\u00e3o da \u00e1gua \u00e9 assegurada com mais qualidade e sem impacto algum \u00e0 sa\u00fade.<\/p>\n<\/div><\/div>\n<div class=\"su-spoiler su-spoiler-style-fancy su-spoiler-icon-chevron-circle su-spoiler-closed\" data-scroll-offset=\"0\" data-anchor-in-url=\"no\"><div class=\"su-spoiler-title\" tabindex=\"0\" role=\"button\"><span class=\"su-spoiler-icon\"><\/span>Melhor Custo x Benef\u00edcio:<\/div><div class=\"su-spoiler-content su-u-clearfix su-u-trim\">\n<p>Piscinas biol\u00f3gicas apresentam um custo muito mais barato de manuten\u00e7\u00e3o se em compara\u00e7\u00e3o com as piscinas convencionais, al\u00e9m de apresentarem tamb\u00e9m um consumo de energia mais reduzido, atendendo a conceitos de sustentabilidade e eco-efetividade, com a garantia de uma \u00e1gua limpa e um banho seguro.<\/p>\n<\/div><\/div>\n<div class=\"su-spoiler su-spoiler-style-fancy su-spoiler-icon-chevron-circle su-spoiler-closed\" data-scroll-offset=\"0\" data-anchor-in-url=\"no\"><div class=\"su-spoiler-title\" tabindex=\"0\" role=\"button\"><span class=\"su-spoiler-icon\"><\/span>Por que escolher a ARQUITETURA POSITIVA?<\/div><div class=\"su-spoiler-content su-u-clearfix su-u-trim\">\n<p>Al\u00e9m de possuir uma equipe com ampla experi\u00eancia em projeto e execu\u00e7\u00e3o de biossistemas aqu\u00e1ticos, realizamos desde o projeto preliminar a at\u00e9 execu\u00e7\u00e3o, contando com parceiros de not\u00f3rio conhecimento em cada etapa, otimizando solu\u00e7\u00f5es e tendo como resultado piscinas biol\u00f3gicas e lagos ornamentais de alta qualidade, tanto funcional como est\u00e9tica, com f\u00e1cil manuten\u00e7\u00e3o e ainda integrados completamente aos ideais da eco-efetividade.<\/p>\n<\/div><\/div>\n<blockquote><p><a href=\"https:\/\/arquiteturapositiva.arq.br\/biossistemas\/contatos\/\">Entre em contato conosco, traga suas id\u00e9ias ou solicite uma visita t\u00e9cnica para or\u00e7amento.<\/a><\/p><\/blockquote>\n","protected":false},"excerpt":{"rendered":"<p>Atuando com projeto, execu\u00e7\u00e3o e manuten\u00e7\u00e3o de Piscinas Biol\u00f3gicas e Piscinas Ecol\u00f3gicas, proporcionamos aos nossos clientes produtos de qualidade e garantia de \u00e1gua cristalina, reproduzindo o espet\u00e1culo da natureza em seu dia a dia, sem adi\u00e7\u00e3o de cloro ou quaisquer&hellip;&nbsp;<a href=\"https:\/\/arquiteturapositiva.arq.br\/biossistemas\/o-que-fazemos\/piscinas-biologicas\/\" class=\"more-link\">Saiba Mais<\/a><\/p>\n","protected":false},"author":1,"featured_media":522,"parent":55,"menu_order":0,"comment_status":"closed","ping_status":"closed","template":"","meta":{"footnotes":"","_links_to":"","_links_to_target":""},"class_list":["post-57","page","type-page","status-publish","has-post-thumbnail","hentry"],"_links":{"self":[{"href":"https:\/\/arquiteturapositiva.arq.br\/biossistemas\/wp-json\/wp\/v2\/pages\/57","targetHints":{"allow":["GET"]}}],"collection":[{"href":"https:\/\/arquiteturapositiva.arq.br\/biossistemas\/wp-json\/wp\/v2\/pages"}],"about":[{"href":"https:\/\/arquiteturapositiva.arq.br\/biossistemas\/wp-json\/wp\/v2\/types\/page"}],"author":[{"embeddable":true,"href":"https:\/\/arquiteturapositiva.arq.br\/biossistemas\/wp-json\/wp\/v2\/users\/1"}],"replies":[{"embeddable":true,"href":"https:\/\/arquiteturapositiva.arq.br\/biossistemas\/wp-json\/wp\/v2\/comments?post=57"}],"version-history":[{"count":39,"href":"https:\/\/arquiteturapositiva.arq.br\/biossistemas\/wp-json\/wp\/v2\/pages\/57\/revisions"}],"predecessor-version":[{"id":731,"href":"https:\/\/arquiteturapositiva.arq.br\/biossistemas\/wp-json\/wp\/v2\/pages\/57\/revisions\/731"}],"up":[{"embeddable":true,"href":"https:\/\/arquiteturapositiva.arq.br\/biossistemas\/wp-json\/wp\/v2\/pages\/55"}],"wp:featuredmedia":[{"embeddable":true,"href":"https:\/\/arquiteturapositiva.arq.br\/biossistemas\/wp-json\/wp\/v2\/media\/522"}],"wp:attachment":[{"href":"https:\/\/arquiteturapositiva.arq.br\/biossistemas\/wp-json\/wp\/v2\/media?parent=57"}],"curies":[{"name":"wp","href":"https:\/\/api.w.org\/{rel}","templated":true}]}}