{"id":59,"date":"2018-04-23T12:28:12","date_gmt":"2018-04-23T12:28:12","guid":{"rendered":"http:\/\/arquiteturapositiva.arq.br\/biossistemas\/?page_id=59"},"modified":"2018-07-12T15:31:12","modified_gmt":"2018-07-12T15:31:12","slug":"lagos-ornamentais","status":"publish","type":"page","link":"https:\/\/arquiteturapositiva.arq.br\/biossistemas\/o-que-fazemos\/lagos-ornamentais\/","title":{"rendered":"Lagos Ornamentais"},"content":{"rendered":"<p>Atuando com projetos, execu\u00e7\u00e3o e manuten\u00e7\u00e3o de <strong>Lagos Ornamentais Contemplativos e Lagos de peixes<\/strong>, proporcionamos aos nossos clientes produtos de grande apelo est\u00e9tico e integrado a paisagem, reproduzindo o espet\u00e1culo do ambiente natural em condom\u00ednios, resid\u00eancias ou mesmo empresas, sempre procurando estreitar o seu contato com a natureza.<br \/>\nAgregamos personalidade a diversas dimens\u00f5es, em ambientes fechados ou abertos, utilizando tecnologia de ponta para obter os melhores resultados poss\u00edveis, sempre objetivando a valoriza\u00e7\u00e3o do ambiente!<\/p>\n<p>Clique para ampliar e ver detalhes de lagos contemplativos e naturais da\u00a0<strong>ARQUITETURA POSITIVA:<\/strong><\/p>\n<div id=\"su_carousel_69f4d3449e73c\" class=\"su-carousel su-carousel-centered su-carousel-pages-no su-carousel-responsive-yes su-lightbox-gallery\" style=\"width:100%\" data-autoplay=\"3000\" data-speed=\"600\" data-mousewheel=\"true\" data-items=\"3\" data-scroll=\"1\"><div class=\"su-carousel-slides\"><div class=\"su-carousel-slide\"><a href=\"https:\/\/arquiteturapositiva.arq.br\/biossistemas\/wp-content\/uploads\/2018\/04\/002-1.jpg\" title=\"\" data-rel=\"lightbox-image-0\" data-rl_title=\"\" data-rl_caption=\"\"><img decoding=\"async\" src=\"https:\/\/arquiteturapositiva.arq.br\/biossistemas\/wp-content\/uploads\/2018\/04\/002-1-182x200.jpg\" alt=\"Lago Ornamental Calembe\" \/><\/a><\/div><div class=\"su-carousel-slide\"><a href=\"https:\/\/arquiteturapositiva.arq.br\/biossistemas\/wp-content\/uploads\/2018\/04\/003-1.jpg\" title=\"\" data-rel=\"lightbox-image-1\" data-rl_title=\"\" data-rl_caption=\"\"><img decoding=\"async\" src=\"https:\/\/arquiteturapositiva.arq.br\/biossistemas\/wp-content\/uploads\/2018\/04\/003-1-182x200.jpg\" alt=\"Lago ornamental Calembe\" \/><\/a><\/div><div class=\"su-carousel-slide\"><a href=\"https:\/\/arquiteturapositiva.arq.br\/biossistemas\/wp-content\/uploads\/2018\/04\/004-1.jpg\" title=\"\" data-rel=\"lightbox-image-2\" data-rl_title=\"\" data-rl_caption=\"\"><img decoding=\"async\" src=\"https:\/\/arquiteturapositiva.arq.br\/biossistemas\/wp-content\/uploads\/2018\/04\/004-1-182x200.jpg\" alt=\"Lago ornamental A+\" \/><\/a><\/div><div class=\"su-carousel-slide\"><a href=\"https:\/\/arquiteturapositiva.arq.br\/biossistemas\/wp-content\/uploads\/2018\/04\/005-1.jpg\" title=\"\" data-rel=\"lightbox-image-3\" data-rl_title=\"\" data-rl_caption=\"\"><img decoding=\"async\" src=\"https:\/\/arquiteturapositiva.arq.br\/biossistemas\/wp-content\/uploads\/2018\/04\/005-1-182x200.jpg\" alt=\"Lago ornamental A+\" \/><\/a><\/div><div class=\"su-carousel-slide\"><a href=\"https:\/\/arquiteturapositiva.arq.br\/biossistemas\/wp-content\/uploads\/2018\/04\/001-1.jpg\" title=\"\" data-rel=\"lightbox-image-4\" data-rl_title=\"\" data-rl_caption=\"\"><img decoding=\"async\" src=\"https:\/\/arquiteturapositiva.arq.br\/biossistemas\/wp-content\/uploads\/2018\/04\/001-1-182x200.jpg\" alt=\"Lagos ornamentais\" \/><\/a><\/div><div class=\"su-carousel-slide\"><a href=\"https:\/\/arquiteturapositiva.arq.br\/biossistemas\/wp-content\/uploads\/2018\/04\/007-1.jpg\" title=\"\" data-rel=\"lightbox-image-5\" data-rl_title=\"\" data-rl_caption=\"\"><img decoding=\"async\" src=\"https:\/\/arquiteturapositiva.arq.br\/biossistemas\/wp-content\/uploads\/2018\/04\/007-1-182x200.jpg\" alt=\"Lago ornamental A+\" \/><\/a><\/div><div class=\"su-carousel-slide\"><a href=\"https:\/\/arquiteturapositiva.arq.br\/biossistemas\/wp-content\/uploads\/2018\/04\/010-1.jpg\" title=\"\" data-rel=\"lightbox-image-6\" data-rl_title=\"\" data-rl_caption=\"\"><img decoding=\"async\" src=\"https:\/\/arquiteturapositiva.arq.br\/biossistemas\/wp-content\/uploads\/2018\/04\/010-1-182x200.jpg\" alt=\"Lago ornamental A+\" \/><\/a><\/div><div class=\"su-carousel-slide\"><a href=\"https:\/\/arquiteturapositiva.arq.br\/biossistemas\/wp-content\/uploads\/2018\/04\/011-1.jpg\" title=\"\" data-rel=\"lightbox-image-7\" data-rl_title=\"\" data-rl_caption=\"\"><img decoding=\"async\" src=\"https:\/\/arquiteturapositiva.arq.br\/biossistemas\/wp-content\/uploads\/2018\/04\/011-1-182x200.jpg\" alt=\"Lagos ornamentais\" \/><\/a><\/div><div class=\"su-carousel-slide\"><a href=\"https:\/\/arquiteturapositiva.arq.br\/biossistemas\/wp-content\/uploads\/2018\/04\/101.jpg\" title=\"\" data-rel=\"lightbox-image-8\" data-rl_title=\"\" data-rl_caption=\"\"><img decoding=\"async\" src=\"https:\/\/arquiteturapositiva.arq.br\/biossistemas\/wp-content\/uploads\/2018\/04\/101-182x200.jpg\" alt=\"Lagos ornamentais\" \/><\/a><\/div><div class=\"su-carousel-slide\"><a href=\"https:\/\/arquiteturapositiva.arq.br\/biossistemas\/wp-content\/uploads\/2018\/04\/100.png\" title=\"\" data-rel=\"lightbox-image-9\" data-rl_title=\"\" data-rl_caption=\"\"><img decoding=\"async\" src=\"https:\/\/arquiteturapositiva.arq.br\/biossistemas\/wp-content\/uploads\/2018\/04\/100-182x200.png\" alt=\"Lagos ornamentais\" \/><\/a><\/div><div class=\"su-carousel-slide\"><a href=\"https:\/\/arquiteturapositiva.arq.br\/biossistemas\/wp-content\/uploads\/2018\/04\/000-1.png\" title=\"\" data-rel=\"lightbox-image-10\" data-rl_title=\"\" data-rl_caption=\"\"><img decoding=\"async\" src=\"https:\/\/arquiteturapositiva.arq.br\/biossistemas\/wp-content\/uploads\/2018\/04\/000-1-182x200.png\" alt=\"Lago ornamental Calembe\" \/><\/a><\/div><div class=\"su-carousel-slide\"><a href=\"https:\/\/arquiteturapositiva.arq.br\/biossistemas\/wp-content\/uploads\/2018\/04\/012-1.jpg\" title=\"\" data-rel=\"lightbox-image-11\" data-rl_title=\"\" data-rl_caption=\"\"><img decoding=\"async\" src=\"https:\/\/arquiteturapositiva.arq.br\/biossistemas\/wp-content\/uploads\/2018\/04\/012-1-182x200.jpg\" alt=\"Lagos ornamentais\" \/><\/a><\/div><\/div><div class=\"su-carousel-nav\"><div class=\"su-carousel-direction\"><span class=\"su-carousel-prev\"><\/span><span class=\"su-carousel-next\"><\/span><\/div><div class=\"su-carousel-pagination\"><\/div><\/div><\/div>\n<p>&nbsp;<\/p>\n<div class=\"su-spoiler su-spoiler-style-fancy su-spoiler-icon-chevron-circle su-spoiler-closed\" data-scroll-offset=\"0\" data-anchor-in-url=\"no\"><div class=\"su-spoiler-title\" tabindex=\"0\" role=\"button\"><span class=\"su-spoiler-icon\"><\/span>Por que optar por Lago Ornamental em seu projeto?<\/div><div class=\"su-spoiler-content su-u-clearfix su-u-trim\">\n<p><strong>Lagos Ornamentais<\/strong> est\u00e3o cada vez mais presentes em projetos modernos, representando uma solu\u00e7\u00e3o paisag\u00edstica que agrega grande valor est\u00e9tico, bem-estar e harmonia, especialmente em contextos urbanos, como condom\u00ednios comerciais, residenciais ou mesmo empresas!<\/p>\n<p><strong>Lagos Ornamentais<\/strong> utilizam elementos naturais, tais como pedras, que possibilitam a reprodu\u00e7\u00e3o de riachos, cascatas e pequenas corredeiras que ao mesmo tempo que oxigenam e purificam a \u00e1gua, reproduzem o prazeroso e inconfund\u00edvel som de \u00e1gua corrente. Uma fonte de bem-estar, harmonia e contempla\u00e7\u00e3o que valoriza qualquer projeto!<\/p>\n<p>Al\u00e9m dos <strong>Lagos Ornamentais<\/strong> contemplativos, projetamos e executamos ainda Lagos Org\u00e2nicos, que al\u00e9m de reunir beleza no design e proporcionar bem-estar, s\u00e3o maiores e mais profundos, em reprodu\u00e7\u00f5es fidedignas da natureza e seus contornos.<\/p>\n<p>&nbsp;<\/p>\n<\/div><\/div>\n<div class=\"su-spoiler su-spoiler-style-fancy su-spoiler-icon-chevron-circle su-spoiler-closed\" data-scroll-offset=\"0\" data-anchor-in-url=\"no\"><div class=\"su-spoiler-title\" tabindex=\"0\" role=\"button\"><span class=\"su-spoiler-icon\"><\/span>Qualidade da \u00c1gua!<\/div><div class=\"su-spoiler-content su-u-clearfix su-u-trim\">\n<p>Nossos projetos s\u00e3o elaborados com base em biossistemas, contando com uma filtragem natural eficiente que assegura a qualidade e limpeza da \u00e1gua.<\/p>\n<\/div><\/div>\n<div class=\"su-spoiler su-spoiler-style-fancy su-spoiler-icon-chevron-circle su-spoiler-closed\" data-scroll-offset=\"0\" data-anchor-in-url=\"no\"><div class=\"su-spoiler-title\" tabindex=\"0\" role=\"button\"><span class=\"su-spoiler-icon\"><\/span>Melhor Custo x Benef\u00edcio:<\/div><div class=\"su-spoiler-content su-u-clearfix su-u-trim\">\n<p>Representando um biossistema eficiente, nossos lagos, al\u00e9m de contar com uma filtragem natural adequada, assegurando a qualidade da \u00e1gua, requerem uma manuten\u00e7\u00e3o m\u00ednima, aliada ao baixo consumo de \u00e1gua e energia, com arrojado sistema de impermeabiliza\u00e7\u00e3o que reduz gastos em reparos.<\/p>\n<\/div><\/div>\n<div class=\"su-spoiler su-spoiler-style-fancy su-spoiler-icon-chevron-circle su-spoiler-closed\" data-scroll-offset=\"0\" data-anchor-in-url=\"no\"><div class=\"su-spoiler-title\" tabindex=\"0\" role=\"button\"><span class=\"su-spoiler-icon\"><\/span>Por que escolher a ARQUITETURA POSITIVA?<\/div><div class=\"su-spoiler-content su-u-clearfix su-u-trim\">\n<p>Alem de manter um n\u00facleo de arquitetura com ampla experi\u00eancia em projeto e execu\u00e7\u00e3o de biossistemas aqu\u00e1ticos, reunimos desde o projeto e execu\u00e7\u00e3o, parceiros com not\u00f3rio saber em cada etapa, otimizando solu\u00e7\u00f5es e resultando em <strong>lagos ornamentais ou org\u00e2nicos<\/strong>, alem de <a href=\"https:\/\/arquiteturapositiva.arq.br\/biossistemas\/o-que-fazemos\/piscinas-biologicas\/\"><strong>piscinas naturais<\/strong><\/a>, de alta qualidade, f\u00e1cil manuten\u00e7\u00e3o e integradas a ideia de eco-efetividade!<\/p>\n<\/div><\/div>\n<blockquote><p><a href=\"https:\/\/arquiteturapositiva.arq.br\/biossistemas\/contatos\/\">Entre em contato conosco, traga suas id\u00e9ias ou solicite uma visita t\u00e9cnica para or\u00e7amento.<\/a><\/p><\/blockquote>\n","protected":false},"excerpt":{"rendered":"<p>Atuando com projetos, execu\u00e7\u00e3o e manuten\u00e7\u00e3o de Lagos Ornamentais Contemplativos e Lagos de peixes, proporcionamos aos nossos clientes produtos de grande apelo est\u00e9tico e integrado a paisagem, reproduzindo o espet\u00e1culo do ambiente natural em condom\u00ednios, resid\u00eancias ou mesmo empresas, sempre&hellip;&nbsp;<a href=\"https:\/\/arquiteturapositiva.arq.br\/biossistemas\/o-que-fazemos\/lagos-ornamentais\/\" class=\"more-link\">Saiba Mais<\/a><\/p>\n","protected":false},"author":1,"featured_media":530,"parent":55,"menu_order":2,"comment_status":"closed","ping_status":"closed","template":"","meta":{"footnotes":"","_links_to":"","_links_to_target":""},"class_list":["post-59","page","type-page","status-publish","has-post-thumbnail","hentry"],"_links":{"self":[{"href":"https:\/\/arquiteturapositiva.arq.br\/biossistemas\/wp-json\/wp\/v2\/pages\/59","targetHints":{"allow":["GET"]}}],"collection":[{"href":"https:\/\/arquiteturapositiva.arq.br\/biossistemas\/wp-json\/wp\/v2\/pages"}],"about":[{"href":"https:\/\/arquiteturapositiva.arq.br\/biossistemas\/wp-json\/wp\/v2\/types\/page"}],"author":[{"embeddable":true,"href":"https:\/\/arquiteturapositiva.arq.br\/biossistemas\/wp-json\/wp\/v2\/users\/1"}],"replies":[{"embeddable":true,"href":"https:\/\/arquiteturapositiva.arq.br\/biossistemas\/wp-json\/wp\/v2\/comments?post=59"}],"version-history":[{"count":12,"href":"https:\/\/arquiteturapositiva.arq.br\/biossistemas\/wp-json\/wp\/v2\/pages\/59\/revisions"}],"predecessor-version":[{"id":732,"href":"https:\/\/arquiteturapositiva.arq.br\/biossistemas\/wp-json\/wp\/v2\/pages\/59\/revisions\/732"}],"up":[{"embeddable":true,"href":"https:\/\/arquiteturapositiva.arq.br\/biossistemas\/wp-json\/wp\/v2\/pages\/55"}],"wp:featuredmedia":[{"embeddable":true,"href":"https:\/\/arquiteturapositiva.arq.br\/biossistemas\/wp-json\/wp\/v2\/media\/530"}],"wp:attachment":[{"href":"https:\/\/arquiteturapositiva.arq.br\/biossistemas\/wp-json\/wp\/v2\/media?parent=59"}],"curies":[{"name":"wp","href":"https:\/\/api.w.org\/{rel}","templated":true}]}}