{"id":63,"date":"2018-04-23T12:28:42","date_gmt":"2018-04-23T12:28:42","guid":{"rendered":"http:\/\/arquiteturapositiva.arq.br\/biossistemas\/?page_id=63"},"modified":"2018-07-12T15:34:37","modified_gmt":"2018-07-12T15:34:37","slug":"projetos-de-arquitetura","status":"publish","type":"page","link":"https:\/\/arquiteturapositiva.arq.br\/biossistemas\/o-que-fazemos\/projetos-de-arquitetura\/","title":{"rendered":"Projetos de Arquitetura"},"content":{"rendered":"<p>A <strong>ARQUITETURA POSITIVA<\/strong> atua com projetos arquitet\u00f4nicos contemplando a gest\u00e3o de execu\u00e7\u00e3o em todas as etapas, desde o projeto preliminar at\u00e9 a entrega do produto final.<br \/>\nEstamos alinhados a um conceito de economia circular, um modelo que permite repensar nossas pr\u00e1ticas econ\u00f4micas, cujo objetivo \u00e9 inspirar as pessoas a rever, reelaborar e construir um futuro positivo.<br \/>\nNossos projetos t\u00eam base na Eco-efetividade, uma faculdade \u00e9tica que visa a redu\u00e7\u00e3o do consumo e da intensidade de insumos \u2013 como \u00e1gua e energia, por exemplo \u2013 agregando o desenvolvimento de novas tecnologias, processos, produtos e modelos de neg\u00f3cio, baseados sempre no princ\u00edpio de sustentabilidade.<\/p>\n<p>Dentre a gama de servi\u00e7os que disponibilizamos com foco em Arquitetura Sustent\u00e1vel, destacamos:<\/p>\n<div class=\"su-table su-table-alternate\">\n<table>\n<tbody>\n<tr>\n<td width=\"50%\">Projetos Eco-Efetivos, residenciais e comerciais<\/td>\n<td>Conforto ambiental<\/td>\n<\/tr>\n<tr>\n<td>Arquitetura Hospitalar<\/td>\n<td>Paisagismo funcional<\/td>\n<\/tr>\n<\/tbody>\n<\/table>\n<\/div>\n<div id=\"su_carousel_69ddeb136d598\" class=\"su-carousel su-carousel-centered su-carousel-pages-no su-carousel-responsive-yes su-lightbox-gallery\" style=\"width:100%\" data-autoplay=\"3000\" data-speed=\"600\" data-mousewheel=\"true\" data-items=\"3\" data-scroll=\"1\"><div class=\"su-carousel-slides\"><div class=\"su-carousel-slide\"><a href=\"https:\/\/arquiteturapositiva.arq.br\/biossistemas\/wp-content\/uploads\/2018\/05\/3d9.jpg\" title=\"\" data-rel=\"lightbox-image-0\" data-rl_title=\"\" data-rl_caption=\"\"><img decoding=\"async\" src=\"https:\/\/arquiteturapositiva.arq.br\/biossistemas\/wp-content\/uploads\/2018\/05\/3d9-182x200.jpg\" alt=\"Projeto Encanto 3D\" \/><\/a><\/div><div class=\"su-carousel-slide\"><a href=\"https:\/\/arquiteturapositiva.arq.br\/biossistemas\/wp-content\/uploads\/2018\/05\/3d7.jpg\" title=\"\" data-rel=\"lightbox-image-1\" data-rl_title=\"\" data-rl_caption=\"\"><img decoding=\"async\" src=\"https:\/\/arquiteturapositiva.arq.br\/biossistemas\/wp-content\/uploads\/2018\/05\/3d7-182x200.jpg\" alt=\"Projeto Encanto 3D\" \/><\/a><\/div><div class=\"su-carousel-slide\"><a href=\"https:\/\/arquiteturapositiva.arq.br\/biossistemas\/wp-content\/uploads\/2018\/05\/3d3.3.jpg\" title=\"\" data-rel=\"lightbox-image-2\" data-rl_title=\"\" data-rl_caption=\"\"><img decoding=\"async\" src=\"https:\/\/arquiteturapositiva.arq.br\/biossistemas\/wp-content\/uploads\/2018\/05\/3d3.3-182x200.jpg\" alt=\"Projeto Encanto 3D\" \/><\/a><\/div><div class=\"su-carousel-slide\"><a href=\"https:\/\/arquiteturapositiva.arq.br\/biossistemas\/wp-content\/uploads\/2018\/05\/3d2.2.jpg\" title=\"\" data-rel=\"lightbox-image-3\" data-rl_title=\"\" data-rl_caption=\"\"><img decoding=\"async\" src=\"https:\/\/arquiteturapositiva.arq.br\/biossistemas\/wp-content\/uploads\/2018\/05\/3d2.2-182x200.jpg\" alt=\"Projeto Encanto 3D\" \/><\/a><\/div><div class=\"su-carousel-slide\"><a href=\"https:\/\/arquiteturapositiva.arq.br\/biossistemas\/wp-content\/uploads\/2018\/05\/3d1.1.jpg\" title=\"\" data-rel=\"lightbox-image-4\" data-rl_title=\"\" data-rl_caption=\"\"><img decoding=\"async\" src=\"https:\/\/arquiteturapositiva.arq.br\/biossistemas\/wp-content\/uploads\/2018\/05\/3d1.1-182x200.jpg\" alt=\"Projeto Encanto 3D\" \/><\/a><\/div><div class=\"su-carousel-slide\"><a href=\"https:\/\/arquiteturapositiva.arq.br\/biossistemas\/wp-content\/uploads\/2018\/05\/DSC02252.jpg\" title=\"\" data-rel=\"lightbox-image-5\" data-rl_title=\"\" data-rl_caption=\"\"><img decoding=\"async\" src=\"https:\/\/arquiteturapositiva.arq.br\/biossistemas\/wp-content\/uploads\/2018\/05\/DSC02252-182x200.jpg\" alt=\"Casa do Morangueiro, fase de obras\" \/><\/a><\/div><div class=\"su-carousel-slide\"><a href=\"https:\/\/arquiteturapositiva.arq.br\/biossistemas\/wp-content\/uploads\/2018\/05\/DSC02247.jpg\" title=\"\" data-rel=\"lightbox-image-6\" data-rl_title=\"\" data-rl_caption=\"\"><img decoding=\"async\" src=\"https:\/\/arquiteturapositiva.arq.br\/biossistemas\/wp-content\/uploads\/2018\/05\/DSC02247-182x200.jpg\" alt=\"Casa do Morangueiro, fase de obras\" \/><\/a><\/div><div class=\"su-carousel-slide\"><a href=\"https:\/\/arquiteturapositiva.arq.br\/biossistemas\/wp-content\/uploads\/2018\/05\/20180318_130813.jpg\" title=\"\" data-rel=\"lightbox-image-7\" data-rl_title=\"\" data-rl_caption=\"\"><img decoding=\"async\" src=\"https:\/\/arquiteturapositiva.arq.br\/biossistemas\/wp-content\/uploads\/2018\/05\/20180318_130813-182x200.jpg\" alt=\"Casa do Morangueiro, fase de planta\u00e7\u00e3o\" \/><\/a><\/div><div class=\"su-carousel-slide\"><a href=\"https:\/\/arquiteturapositiva.arq.br\/biossistemas\/wp-content\/uploads\/2018\/05\/IMG_2117.jpg\" title=\"\" data-rel=\"lightbox-image-8\" data-rl_title=\"\" data-rl_caption=\"\"><img decoding=\"async\" src=\"https:\/\/arquiteturapositiva.arq.br\/biossistemas\/wp-content\/uploads\/2018\/05\/IMG_2117-182x200.jpg\" alt=\"Casa do Morangueiro, fase de conclus\u00e3o\" \/><\/a><\/div><\/div><div class=\"su-carousel-nav\"><div class=\"su-carousel-direction\"><span class=\"su-carousel-prev\"><\/span><span class=\"su-carousel-next\"><\/span><\/div><div class=\"su-carousel-pagination\"><\/div><\/div><\/div>\n<p><a href=\"https:\/\/arquiteturapositiva.arq.br\/biossistemas\/contatos\/\">Entre em contato conosco, traga suas id\u00e9ias ou solicite uma visita t\u00e9cnica para or\u00e7amento.<\/a><\/p>\n","protected":false},"excerpt":{"rendered":"<p>A ARQUITETURA POSITIVA atua com projetos arquitet\u00f4nicos contemplando a gest\u00e3o de execu\u00e7\u00e3o em todas as etapas, desde o projeto preliminar at\u00e9 a entrega do produto final. Estamos alinhados a um conceito de economia circular, um modelo que permite repensar nossas&hellip;&nbsp;<a href=\"https:\/\/arquiteturapositiva.arq.br\/biossistemas\/o-que-fazemos\/projetos-de-arquitetura\/\" class=\"more-link\">Saiba Mais<\/a><\/p>\n","protected":false},"author":1,"featured_media":523,"parent":55,"menu_order":5,"comment_status":"closed","ping_status":"closed","template":"","meta":{"footnotes":"","_links_to":"","_links_to_target":""},"class_list":["post-63","page","type-page","status-publish","has-post-thumbnail","hentry"],"_links":{"self":[{"href":"https:\/\/arquiteturapositiva.arq.br\/biossistemas\/wp-json\/wp\/v2\/pages\/63","targetHints":{"allow":["GET"]}}],"collection":[{"href":"https:\/\/arquiteturapositiva.arq.br\/biossistemas\/wp-json\/wp\/v2\/pages"}],"about":[{"href":"https:\/\/arquiteturapositiva.arq.br\/biossistemas\/wp-json\/wp\/v2\/types\/page"}],"author":[{"embeddable":true,"href":"https:\/\/arquiteturapositiva.arq.br\/biossistemas\/wp-json\/wp\/v2\/users\/1"}],"replies":[{"embeddable":true,"href":"https:\/\/arquiteturapositiva.arq.br\/biossistemas\/wp-json\/wp\/v2\/comments?post=63"}],"version-history":[{"count":16,"href":"https:\/\/arquiteturapositiva.arq.br\/biossistemas\/wp-json\/wp\/v2\/pages\/63\/revisions"}],"predecessor-version":[{"id":736,"href":"https:\/\/arquiteturapositiva.arq.br\/biossistemas\/wp-json\/wp\/v2\/pages\/63\/revisions\/736"}],"up":[{"embeddable":true,"href":"https:\/\/arquiteturapositiva.arq.br\/biossistemas\/wp-json\/wp\/v2\/pages\/55"}],"wp:featuredmedia":[{"embeddable":true,"href":"https:\/\/arquiteturapositiva.arq.br\/biossistemas\/wp-json\/wp\/v2\/media\/523"}],"wp:attachment":[{"href":"https:\/\/arquiteturapositiva.arq.br\/biossistemas\/wp-json\/wp\/v2\/media?parent=63"}],"curies":[{"name":"wp","href":"https:\/\/api.w.org\/{rel}","templated":true}]}}