{"id":68,"date":"2018-04-23T12:30:04","date_gmt":"2018-04-23T12:30:04","guid":{"rendered":"http:\/\/arquiteturapositiva.arq.br\/biossistemas\/?page_id=68"},"modified":"2018-04-26T13:55:52","modified_gmt":"2018-04-26T13:55:52","slug":"artigos","status":"publish","type":"page","link":"https:\/\/arquiteturapositiva.arq.br\/biossistemas\/saiba-mais\/artigos\/","title":{"rendered":"Artigos"},"content":{"rendered":"<p>Conhe\u00e7a publica\u00e7\u00f5es e Artigos da ARQUITETURA POSITIVA:<\/p>\n<div class=\"su-spoiler su-spoiler-style-fancy su-spoiler-icon-chevron-circle su-spoiler-closed\" data-scroll-offset=\"0\" data-anchor-in-url=\"no\"><div class=\"su-spoiler-title\" tabindex=\"0\" role=\"button\"><span class=\"su-spoiler-icon\"><\/span>Piscinas Biol\u00f3gicas<\/div><div class=\"su-spoiler-content su-u-clearfix su-u-trim\">\n<div class=\"su-document su-u-responsive-media-yes\"><iframe loading=\"lazy\" src=\"\/\/docs.google.com\/viewer?embedded=true&url=https:\/\/arquiteturapositiva.arq.br\/biossistemas\/wp-content\/uploads\/2018\/04\/piscinas_biologicas01.pdf\" width=\"600\" height=\"400\" class=\"su-document\" title=\"\"><\/iframe><\/div>\n<\/div><\/div>\n<div class=\"su-spoiler su-spoiler-style-fancy su-spoiler-icon-chevron-circle su-spoiler-closed\" data-scroll-offset=\"0\" data-anchor-in-url=\"no\"><div class=\"su-spoiler-title\" tabindex=\"0\" role=\"button\"><span class=\"su-spoiler-icon\"><\/span>Saneamento Ambiental - Grandes Sistemas<\/div><div class=\"su-spoiler-content su-u-clearfix su-u-trim\">\n<div class=\"su-document su-u-responsive-media-yes\"><iframe loading=\"lazy\" src=\"\/\/docs.google.com\/viewer?embedded=true&url=https:\/\/arquiteturapositiva.arq.br\/biossistemas\/wp-content\/uploads\/2018\/04\/grandes_sistemas_01.pdf\" width=\"600\" height=\"400\" class=\"su-document\" title=\"\"><\/iframe><\/div>\n<\/div><\/div>\n<p>&nbsp;<\/p>\n","protected":false},"excerpt":{"rendered":"<p>Conhe\u00e7a publica\u00e7\u00f5es e Artigos da ARQUITETURA POSITIVA: &nbsp;<\/p>\n","protected":false},"author":1,"featured_media":0,"parent":66,"menu_order":2,"comment_status":"closed","ping_status":"closed","template":"","meta":{"footnotes":"","_links_to":"","_links_to_target":""},"class_list":["post-68","page","type-page","status-publish","hentry"],"_links":{"self":[{"href":"https:\/\/arquiteturapositiva.arq.br\/biossistemas\/wp-json\/wp\/v2\/pages\/68","targetHints":{"allow":["GET"]}}],"collection":[{"href":"https:\/\/arquiteturapositiva.arq.br\/biossistemas\/wp-json\/wp\/v2\/pages"}],"about":[{"href":"https:\/\/arquiteturapositiva.arq.br\/biossistemas\/wp-json\/wp\/v2\/types\/page"}],"author":[{"embeddable":true,"href":"https:\/\/arquiteturapositiva.arq.br\/biossistemas\/wp-json\/wp\/v2\/users\/1"}],"replies":[{"embeddable":true,"href":"https:\/\/arquiteturapositiva.arq.br\/biossistemas\/wp-json\/wp\/v2\/comments?post=68"}],"version-history":[{"count":6,"href":"https:\/\/arquiteturapositiva.arq.br\/biossistemas\/wp-json\/wp\/v2\/pages\/68\/revisions"}],"predecessor-version":[{"id":498,"href":"https:\/\/arquiteturapositiva.arq.br\/biossistemas\/wp-json\/wp\/v2\/pages\/68\/revisions\/498"}],"up":[{"embeddable":true,"href":"https:\/\/arquiteturapositiva.arq.br\/biossistemas\/wp-json\/wp\/v2\/pages\/66"}],"wp:attachment":[{"href":"https:\/\/arquiteturapositiva.arq.br\/biossistemas\/wp-json\/wp\/v2\/media?parent=68"}],"curies":[{"name":"wp","href":"https:\/\/api.w.org\/{rel}","templated":true}]}}