{"id":72,"date":"2018-04-23T12:30:43","date_gmt":"2018-04-23T12:30:43","guid":{"rendered":"http:\/\/arquiteturapositiva.arq.br\/biossistemas\/?page_id=72"},"modified":"2018-04-26T13:49:09","modified_gmt":"2018-04-26T13:49:09","slug":"na-midia","status":"publish","type":"page","link":"https:\/\/arquiteturapositiva.arq.br\/biossistemas\/saiba-mais\/na-midia\/","title":{"rendered":"Na M\u00eddia"},"content":{"rendered":"<p>Conhe\u00e7a mat\u00e9rias com refer\u00eancia a ARQUITETURA POSITIVA:<\/p>\n<hr \/>\n<p><a href=\"https:\/\/oglobo.globo.com\/ela\/tendencia-na-europa-piscinas-biologicas-ganham-terreno-por-aqui-18437108\" target=\"_blank\" rel=\"noopener\"><strong>Tend\u00eancia na Europa, piscinas biol\u00f3gicas ganham terreno por aqui<\/strong><\/a><br \/>\nFonte: Jornal O Globo<br \/>\nPor: JOANA DALE 10\/01\/2016<br \/>\nLink: <a href=\"https:\/\/oglobo.globo.com\/ela\/tendencia-na-europa-piscinas-biologicas-ganham-terreno-por-aqui-18437108\" target=\"_blank\" rel=\"noopener\">clique aqui para ver link original da publica\u00e7\u00e3o<\/a><\/p>\n<div class=\"su-document su-u-responsive-media-yes\"><iframe loading=\"lazy\" src=\"\/\/docs.google.com\/viewer?embedded=true&url=https:\/\/arquiteturapositiva.arq.br\/biossistemas\/wp-content\/uploads\/2018\/04\/arquitetura1524749971.pdf\" width=\"600\" height=\"400\" class=\"su-document\" title=\"\"><\/iframe><\/div>\n<hr \/>\n<p><a href=\"https:\/\/pt.slideshare.net\/albertfachin\/revista-guanduconhecimento2\" target=\"_blank\" rel=\"noopener\"><strong>Tratamento Natural de Esgotos<\/strong><\/a><br \/>\nFonte: Revista Projeto Guand\u00fa<br \/>\nPor:\u00a0 Reda\u00e7\u00e3o, em 10\/01\/2016<br \/>\nLink: <a href=\"https:\/\/pt.slideshare.net\/albertfachin\/revista-guanduconhecimento2\" target=\"_blank\" rel=\"noopener\">clique aqui para ver link original da publica\u00e7\u00e3o<\/a><\/p>\n<div class=\"su-document su-u-responsive-media-yes\"><iframe loading=\"lazy\" src=\"\/\/docs.google.com\/viewer?embedded=true&url=https:\/\/arquiteturapositiva.arq.br\/biossistemas\/wp-content\/uploads\/2018\/04\/projeto_guandu.pdf\" width=\"600\" height=\"400\" class=\"su-document\" title=\"\"><\/iframe><\/div>\n","protected":false},"excerpt":{"rendered":"<p>Conhe\u00e7a mat\u00e9rias com refer\u00eancia a ARQUITETURA POSITIVA: Tend\u00eancia na Europa, piscinas biol\u00f3gicas ganham terreno por aqui Fonte: Jornal O Globo Por: JOANA DALE 10\/01\/2016 Link: clique aqui para ver link original da publica\u00e7\u00e3o Tratamento Natural de Esgotos Fonte: Revista Projeto&hellip;&nbsp;<a href=\"https:\/\/arquiteturapositiva.arq.br\/biossistemas\/saiba-mais\/na-midia\/\" class=\"more-link\">Saiba Mais<\/a><\/p>\n","protected":false},"author":1,"featured_media":0,"parent":66,"menu_order":6,"comment_status":"closed","ping_status":"closed","template":"","meta":{"footnotes":"","_links_to":"","_links_to_target":""},"class_list":["post-72","page","type-page","status-publish","hentry"],"_links":{"self":[{"href":"https:\/\/arquiteturapositiva.arq.br\/biossistemas\/wp-json\/wp\/v2\/pages\/72","targetHints":{"allow":["GET"]}}],"collection":[{"href":"https:\/\/arquiteturapositiva.arq.br\/biossistemas\/wp-json\/wp\/v2\/pages"}],"about":[{"href":"https:\/\/arquiteturapositiva.arq.br\/biossistemas\/wp-json\/wp\/v2\/types\/page"}],"author":[{"embeddable":true,"href":"https:\/\/arquiteturapositiva.arq.br\/biossistemas\/wp-json\/wp\/v2\/users\/1"}],"replies":[{"embeddable":true,"href":"https:\/\/arquiteturapositiva.arq.br\/biossistemas\/wp-json\/wp\/v2\/comments?post=72"}],"version-history":[{"count":13,"href":"https:\/\/arquiteturapositiva.arq.br\/biossistemas\/wp-json\/wp\/v2\/pages\/72\/revisions"}],"predecessor-version":[{"id":494,"href":"https:\/\/arquiteturapositiva.arq.br\/biossistemas\/wp-json\/wp\/v2\/pages\/72\/revisions\/494"}],"up":[{"embeddable":true,"href":"https:\/\/arquiteturapositiva.arq.br\/biossistemas\/wp-json\/wp\/v2\/pages\/66"}],"wp:attachment":[{"href":"https:\/\/arquiteturapositiva.arq.br\/biossistemas\/wp-json\/wp\/v2\/media?parent=72"}],"curies":[{"name":"wp","href":"https:\/\/api.w.org\/{rel}","templated":true}]}}